{"id":1853,"date":"2024-08-12T20:07:17","date_gmt":"2024-08-12T20:07:17","guid":{"rendered":"https:\/\/innovaforum.udg.mx\/?page_id=1853"},"modified":"2024-08-13T15:46:01","modified_gmt":"2024-08-13T15:46:01","slug":"convocatoria","status":"publish","type":"page","link":"https:\/\/innovaforum.udg.mx\/edicion_2024\/convocatoria\/","title":{"rendered":"Convocatoria"},"content":{"rendered":"\t\t<div data-elementor-type=\"wp-page\" data-elementor-id=\"1853\" class=\"elementor elementor-1853\" data-elementor-post-type=\"page\">\n\t\t\t\t<div class=\"elementor-element elementor-element-d89841b e-con-full e-flex e-con e-parent\" data-id=\"d89841b\" data-element_type=\"container\" data-settings=\"{&quot;background_background&quot;:&quot;classic&quot;}\">\n\t\t\t\t<div class=\"elementor-element elementor-element-39e9d73 elementor-nav-menu__align-end elementor-nav-menu--dropdown-tablet elementor-nav-menu__text-align-aside elementor-nav-menu--toggle elementor-nav-menu--burger elementor-widget elementor-widget-nav-menu\" data-id=\"39e9d73\" data-element_type=\"widget\" data-settings=\"{&quot;layout&quot;:&quot;horizontal&quot;,&quot;submenu_icon&quot;:{&quot;value&quot;:&quot;&lt;svg class=\\&quot;e-font-icon-svg e-fas-caret-down\\&quot; viewBox=\\&quot;0 0 320 512\\&quot; xmlns=\\&quot;http:\\\/\\\/www.w3.org\\\/2000\\\/svg\\&quot;&gt;&lt;path d=\\&quot;M31.3 192h257.3c17.8 0 26.7 21.5 14.1 34.1L174.1 354.8c-7.8 7.8-20.5 7.8-28.3 0L17.2 226.1C4.6 213.5 13.5 192 31.3 192z\\&quot;&gt;&lt;\\\/path&gt;&lt;\\\/svg&gt;&quot;,&quot;library&quot;:&quot;fa-solid&quot;},&quot;toggle&quot;:&quot;burger&quot;}\" data-widget_type=\"nav-menu.default\">\n\t\t\t\t<div class=\"elementor-widget-container\">\n\t\t\t\t\t\t\t\t<nav aria-label=\"Menu\" class=\"elementor-nav-menu--main elementor-nav-menu__container elementor-nav-menu--layout-horizontal e--pointer-underline e--animation-fade\">\n\t\t\t\t<ul id=\"menu-1-39e9d73\" class=\"elementor-nav-menu\"><li class=\"menu-item menu-item-type-post_type menu-item-object-page menu-item-home menu-item-425\"><a href=\"https:\/\/innovaforum.udg.mx\/edicion_2024\/\" class=\"elementor-item\">PRINCIPAL<\/a><\/li>\n<li class=\"menu-item menu-item-type-post_type menu-item-object-page menu-item-1827\"><a href=\"https:\/\/innovaforum.udg.mx\/edicion_2024\/expertos_2024\/\" class=\"elementor-item\">EXPERTOS<\/a><\/li>\n<li class=\"menu-item menu-item-type-post_type menu-item-object-page menu-item-1612\"><a href=\"https:\/\/innovaforum.udg.mx\/edicion_2024\/programa-3-de-septiembre-2024\/\" class=\"elementor-item\">PROGRAMA<\/a><\/li>\n<li class=\"menu-item menu-item-type-post_type menu-item-object-page menu-item-1878\"><a href=\"https:\/\/innovaforum.udg.mx\/edicion_2024\/convocatoria\/\" class=\"elementor-item\">CONVOCATORIA<\/a><\/li>\n<li class=\"menu-item menu-item-type-post_type menu-item-object-page menu-item-2407\"><a href=\"https:\/\/innovaforum.udg.mx\/edicion_2024\/premio-a-la-practica-docente-innovadora\/\" class=\"elementor-item\">PREMIO<\/a><\/li>\n<li class=\"menu-item menu-item-type-custom menu-item-object-custom menu-item-426\"><a href=\"https:\/\/innovaforum.udg.mx\/innovas\/home.php\" class=\"elementor-item\">EDICI\u00d3N 2023<\/a><\/li>\n<\/ul>\t\t\t<\/nav>\n\t\t\t\t\t<div class=\"elementor-menu-toggle\" role=\"button\" tabindex=\"0\" aria-label=\"Menu Toggle\" aria-expanded=\"false\">\n\t\t\t<svg aria-hidden=\"true\" role=\"presentation\" class=\"elementor-menu-toggle__icon--open e-font-icon-svg e-eicon-menu-bar\" viewBox=\"0 0 1000 1000\" xmlns=\"http:\/\/www.w3.org\/2000\/svg\"><path d=\"M104 333H896C929 333 958 304 958 271S929 208 896 208H104C71 208 42 237 42 271S71 333 104 333ZM104 583H896C929 583 958 554 958 521S929 458 896 458H104C71 458 42 487 42 521S71 583 104 583ZM104 833H896C929 833 958 804 958 771S929 708 896 708H104C71 708 42 737 42 771S71 833 104 833Z\"><\/path><\/svg><svg aria-hidden=\"true\" role=\"presentation\" class=\"elementor-menu-toggle__icon--close e-font-icon-svg e-eicon-close\" viewBox=\"0 0 1000 1000\" xmlns=\"http:\/\/www.w3.org\/2000\/svg\"><path d=\"M742 167L500 408 258 167C246 154 233 150 217 150 196 150 179 158 167 167 154 179 150 196 150 212 150 229 154 242 171 254L408 500 167 742C138 771 138 800 167 829 196 858 225 858 254 829L496 587 738 829C750 842 767 846 783 846 800 846 817 842 829 829 842 817 846 804 846 783 846 767 842 750 829 737L588 500 833 258C863 229 863 200 833 171 804 137 775 137 742 167Z\"><\/path><\/svg>\t\t<\/div>\n\t\t\t\t\t<nav class=\"elementor-nav-menu--dropdown elementor-nav-menu__container\" aria-hidden=\"true\">\n\t\t\t\t<ul id=\"menu-2-39e9d73\" class=\"elementor-nav-menu\"><li class=\"menu-item menu-item-type-post_type menu-item-object-page menu-item-home menu-item-425\"><a href=\"https:\/\/innovaforum.udg.mx\/edicion_2024\/\" class=\"elementor-item\" tabindex=\"-1\">PRINCIPAL<\/a><\/li>\n<li class=\"menu-item menu-item-type-post_type menu-item-object-page menu-item-1827\"><a href=\"https:\/\/innovaforum.udg.mx\/edicion_2024\/expertos_2024\/\" class=\"elementor-item\" tabindex=\"-1\">EXPERTOS<\/a><\/li>\n<li class=\"menu-item menu-item-type-post_type menu-item-object-page menu-item-1612\"><a href=\"https:\/\/innovaforum.udg.mx\/edicion_2024\/programa-3-de-septiembre-2024\/\" class=\"elementor-item\" tabindex=\"-1\">PROGRAMA<\/a><\/li>\n<li class=\"menu-item menu-item-type-post_type menu-item-object-page menu-item-1878\"><a href=\"https:\/\/innovaforum.udg.mx\/edicion_2024\/convocatoria\/\" class=\"elementor-item\" tabindex=\"-1\">CONVOCATORIA<\/a><\/li>\n<li class=\"menu-item menu-item-type-post_type menu-item-object-page menu-item-2407\"><a href=\"https:\/\/innovaforum.udg.mx\/edicion_2024\/premio-a-la-practica-docente-innovadora\/\" class=\"elementor-item\" tabindex=\"-1\">PREMIO<\/a><\/li>\n<li class=\"menu-item menu-item-type-custom menu-item-object-custom menu-item-426\"><a href=\"https:\/\/innovaforum.udg.mx\/innovas\/home.php\" class=\"elementor-item\" tabindex=\"-1\">EDICI\u00d3N 2023<\/a><\/li>\n<\/ul>\t\t\t<\/nav>\n\t\t\t\t\t\t<\/div>\n\t\t\t\t<\/div>\n\t\t\t\t<div class=\"elementor-element elementor-element-f8f0426 elementor-widget elementor-widget-image\" data-id=\"f8f0426\" data-element_type=\"widget\" data-widget_type=\"image.default\">\n\t\t\t\t<div class=\"elementor-widget-container\">\n\t\t\t\t\t\t\t\t\t\t\t\t\t\t\t<img fetchpriority=\"high\" decoding=\"async\" width=\"800\" height=\"274\" src=\"https:\/\/innovaforum.udg.mx\/edicion_2024\/wp-content\/uploads\/2024\/05\/texto-1024x351.png\" class=\"attachment-large size-large wp-image-378\" alt=\"\" srcset=\"https:\/\/innovaforum.udg.mx\/edicion_2024\/wp-content\/uploads\/2024\/05\/texto-1024x351.png 1024w, https:\/\/innovaforum.udg.mx\/edicion_2024\/wp-content\/uploads\/2024\/05\/texto-300x103.png 300w, https:\/\/innovaforum.udg.mx\/edicion_2024\/wp-content\/uploads\/2024\/05\/texto-768x264.png 768w, https:\/\/innovaforum.udg.mx\/edicion_2024\/wp-content\/uploads\/2024\/05\/texto-1536x527.png 1536w, https:\/\/innovaforum.udg.mx\/edicion_2024\/wp-content\/uploads\/2024\/05\/texto.png 1585w\" sizes=\"(max-width: 800px) 100vw, 800px\" \/>\t\t\t\t\t\t\t\t\t\t\t\t\t\t\t<\/div>\n\t\t\t\t<\/div>\n\t\t\t\t<\/div>\n\t\t<div class=\"elementor-element elementor-element-09eda60 e-flex e-con-boxed e-con e-parent\" data-id=\"09eda60\" data-element_type=\"container\">\n\t\t\t\t\t<div class=\"e-con-inner\">\n\t\t\t\t<div class=\"elementor-element elementor-element-bfaaa90 elementor-widget elementor-widget-heading\" data-id=\"bfaaa90\" data-element_type=\"widget\" data-widget_type=\"heading.default\">\n\t\t\t\t<div class=\"elementor-widget-container\">\n\t\t\t\t\t<h2 class=\"elementor-heading-title elementor-size-default\">CONVOCATORIA PARA PRESENTAR CONTRIBUCIONES<\/h2>\t\t\t\t<\/div>\n\t\t\t\t<\/div>\n\t\t\t\t<div class=\"elementor-element elementor-element-c6a64e2 elementor-widget elementor-widget-heading\" data-id=\"c6a64e2\" data-element_type=\"widget\" data-widget_type=\"heading.default\">\n\t\t\t\t<div class=\"elementor-widget-container\">\n\t\t\t\t\t<h2 class=\"elementor-heading-title elementor-size-default\">La Universidad de Guadalajara, a trav\u00e9s del Sistema de Universidad Virtual  y en colaboraci\u00f3n con diversas instancias de la Administraci\u00f3n General, se complace en invitar a personas investigadoras, profesorado, estudiantes de la Red Universitaria y p\u00fablico en general, a presentar sus contribuciones en las diversas modalidades y a participar en las actividades acad\u00e9micas de la tercera edici\u00f3n de Innova Forum 2024<\/h2>\t\t\t\t<\/div>\n\t\t\t\t<\/div>\n\t\t\t\t<div class=\"elementor-element elementor-element-2d2b962 elementor-widget elementor-widget-heading\" data-id=\"2d2b962\" data-element_type=\"widget\" data-widget_type=\"heading.default\">\n\t\t\t\t<div class=\"elementor-widget-container\">\n\t\t\t\t\t<h2 class=\"elementor-heading-title elementor-size-default\">MODALIDADES DE PARTICIPACI\u00d3N<\/h2>\t\t\t\t<\/div>\n\t\t\t\t<\/div>\n\t\t\t\t<div class=\"elementor-element elementor-element-0e3d478 elementor-icon-list--layout-inline elementor-align-center elementor-list-item-link-full_width elementor-widget elementor-widget-icon-list\" data-id=\"0e3d478\" data-element_type=\"widget\" data-widget_type=\"icon-list.default\">\n\t\t\t\t<div class=\"elementor-widget-container\">\n\t\t\t\t\t\t\t<ul class=\"elementor-icon-list-items elementor-inline-items\">\n\t\t\t\t\t\t\t<li class=\"elementor-icon-list-item elementor-inline-item\">\n\t\t\t\t\t\t\t\t\t\t\t<span class=\"elementor-icon-list-icon\">\n\t\t\t\t\t\t\t<svg aria-hidden=\"true\" class=\"e-font-icon-svg e-fas-circle\" viewBox=\"0 0 512 512\" xmlns=\"http:\/\/www.w3.org\/2000\/svg\"><path d=\"M256 8C119 8 8 119 8 256s111 248 248 248 248-111 248-248S393 8 256 8z\"><\/path><\/svg>\t\t\t\t\t\t<\/span>\n\t\t\t\t\t\t\t\t\t\t<span class=\"elementor-icon-list-text\">Ponencias en abstract <\/span>\n\t\t\t\t\t\t\t\t\t<\/li>\n\t\t\t\t\t\t\t\t<li class=\"elementor-icon-list-item elementor-inline-item\">\n\t\t\t\t\t\t\t\t\t\t\t<span class=\"elementor-icon-list-icon\">\n\t\t\t\t\t\t\t<svg aria-hidden=\"true\" class=\"e-font-icon-svg e-fas-circle\" viewBox=\"0 0 512 512\" xmlns=\"http:\/\/www.w3.org\/2000\/svg\"><path d=\"M256 8C119 8 8 119 8 256s111 248 248 248 248-111 248-248S393 8 256 8z\"><\/path><\/svg>\t\t\t\t\t\t<\/span>\n\t\t\t\t\t\t\t\t\t\t<span class=\"elementor-icon-list-text\">Carteles<\/span>\n\t\t\t\t\t\t\t\t\t<\/li>\n\t\t\t\t\t\t\t\t<li class=\"elementor-icon-list-item elementor-inline-item\">\n\t\t\t\t\t\t\t\t\t\t\t<span class=\"elementor-icon-list-icon\">\n\t\t\t\t\t\t\t<svg aria-hidden=\"true\" class=\"e-font-icon-svg e-fas-circle\" viewBox=\"0 0 512 512\" xmlns=\"http:\/\/www.w3.org\/2000\/svg\"><path d=\"M256 8C119 8 8 119 8 256s111 248 248 248 248-111 248-248S393 8 256 8z\"><\/path><\/svg>\t\t\t\t\t\t<\/span>\n\t\t\t\t\t\t\t\t\t\t<span class=\"elementor-icon-list-text\"> Video \/ podcast<\/span>\n\t\t\t\t\t\t\t\t\t<\/li>\n\t\t\t\t\t\t\t\t<li class=\"elementor-icon-list-item elementor-inline-item\">\n\t\t\t\t\t\t\t\t\t\t\t<span class=\"elementor-icon-list-icon\">\n\t\t\t\t\t\t\t<svg aria-hidden=\"true\" class=\"e-font-icon-svg e-fas-circle\" viewBox=\"0 0 512 512\" xmlns=\"http:\/\/www.w3.org\/2000\/svg\"><path d=\"M256 8C119 8 8 119 8 256s111 248 248 248 248-111 248-248S393 8 256 8z\"><\/path><\/svg>\t\t\t\t\t\t<\/span>\n\t\t\t\t\t\t\t\t\t\t<span class=\"elementor-icon-list-text\">Innova Talks (Charlas rel\u00e1mpago)<\/span>\n\t\t\t\t\t\t\t\t\t<\/li>\n\t\t\t\t\t\t\t\t<li class=\"elementor-icon-list-item elementor-inline-item\">\n\t\t\t\t\t\t\t\t\t\t\t<span class=\"elementor-icon-list-icon\">\n\t\t\t\t\t\t\t<svg aria-hidden=\"true\" class=\"e-font-icon-svg e-fas-circle\" viewBox=\"0 0 512 512\" xmlns=\"http:\/\/www.w3.org\/2000\/svg\"><path d=\"M256 8C119 8 8 119 8 256s111 248 248 248 248-111 248-248S393 8 256 8z\"><\/path><\/svg>\t\t\t\t\t\t<\/span>\n\t\t\t\t\t\t\t\t\t\t<span class=\"elementor-icon-list-text\">Presentaci\u00f3n de libros<\/span>\n\t\t\t\t\t\t\t\t\t<\/li>\n\t\t\t\t\t\t<\/ul>\n\t\t\t\t\t\t<\/div>\n\t\t\t\t<\/div>\n\t\t\t\t<div class=\"elementor-element elementor-element-7f978ca elementor-widget elementor-widget-heading\" data-id=\"7f978ca\" data-element_type=\"widget\" data-widget_type=\"heading.default\">\n\t\t\t\t<div class=\"elementor-widget-container\">\n\t\t\t\t\t<h2 class=\"elementor-heading-title elementor-size-default\">EJES TEM\u00c1TICOS<\/h2>\t\t\t\t<\/div>\n\t\t\t\t<\/div>\n\t\t\t\t<div class=\"elementor-element elementor-element-e50d070 elementor-widget__width-initial elementor-widget elementor-widget-text-editor\" data-id=\"e50d070\" data-element_type=\"widget\" data-widget_type=\"text-editor.default\">\n\t\t\t\t<div class=\"elementor-widget-container\">\n\t\t\t\t\t\t\t\t\t<p>Las contribuciones, en cualquiera de sus modalidades, deber\u00e1n inscribirse en alguno de los siguientes ejes tem\u00e1ticos:<\/p><p><span style=\"color: #5346bd;\"><b>Eje 1: Integraci\u00f3n de la Inteligencia Artificial y tecnolog\u00edas emergentes en el aula<\/b><\/span><\/p><p><b><\/b>\u2022 Inteligencia artificial y aprendizaje adaptativo<br \/>\u2022 Realidad virtual y aumentada en el aprendizaje<br \/>\u2022 Tecnolog\u00eda educativa para la creatividad y la resoluci\u00f3n de problemas<br \/>\u2022 Herramientas de gamificaci\u00f3n en el aprendizaje<br \/>\u2022 Ense\u00f1anza h\u00edbrida y el aprendizaje digital<br \/>\u2022 Dise\u00f1o, uso y experiencias con recursos educativos abiertos<\/p><p><span style=\"color: #5346bd;\"><b>Eje 2: Credenciales alternativas y nuevos escenarios para el futuro del trabajo en la era digital<\/b><\/span><\/p><p><b><\/b>\u2022 Microcredenciales, badges digitales y mercado laboral<br \/>\u2022 Portabilidad y reconocimiento de credenciales alternativas<br \/>\u2022 Formas de interacci\u00f3n entre sectores educativos, empleadores y tecnolog\u00edas.<br \/>\u2022 Literacidad digital<br \/>\u2022 Habilidades blandas y formaci\u00f3n a lo largo de la vida<\/p><p><span style=\"color: #5346bd;\"><b>Eje 3: Inclusi\u00f3n y diversidad en el aprendizaje digital<\/b><\/span><\/p><p><b><\/b>\u2022 Acceso equitativo a la tecnolog\u00eda y los recursos digitales<br \/>\u2022 Contenidos educativos para estudiantes con diversidad funcional<br \/>\u2022 Interculturalidad en entornos virtuales de aprendizaje<br \/>\u2022 Pr\u00e1cticas inclusivas en entornos multimodales<br \/>\u2022 Igualdad de oportunidades y no discriminaci\u00f3n en el \u00e1mbito digital<\/p><p><span style=\"color: #5346bd;\"><b>Eje 4: Desarrollo profesional docente en la era digital<\/b><\/span><\/p><p><b><\/b>\u2022 Formaci\u00f3n docente en pedagog\u00edas innovadoras y metodolog\u00edas activas<br \/>\u2022 Actualizaci\u00f3n en el uso efectivo de herramientas digitales y recursos educativos en l\u00ednea<br \/>\u2022 Comunidades de pr\u00e1ctica para compartir experiencias en la integraci\u00f3n de tecnolog\u00eda<br \/>\u2022 Liderazgo educativo en la promoci\u00f3n del cambio y la innovaci\u00f3n en las instituciones<br \/>\u2022 Desarrollo de competencias digitales, capacitaci\u00f3n en dise\u00f1o instruccional y evaluaci\u00f3n formativa<\/p><p><span style=\"color: #5346bd;\"><b>Eje 5: \u00c9tica y responsabilidad en la era digital<\/b><\/span><\/p><p><b><\/b>\u2022 Uso \u00e9tico de la IA y la tecnolog\u00eda en la era digital<br \/>\u2022 Promoci\u00f3n de la alfabetizaci\u00f3n medi\u00e1tica y la conciencia cr\u00edtica sobre la informaci\u00f3n en l\u00ednea<br \/>\u2022 Privacidad, seguridad y protecci\u00f3n de datos en entornos digitales educativos<br \/>\u2022 Uso responsable de las redes sociales y plataformas en l\u00ednea para el proceso<br \/>de ense\u00f1anza y aprendizaje.<br \/>\u2022 \u00c9tica digital como componente transversal en el curr\u00edculo acad\u00e9mico<\/p>\t\t\t\t\t\t\t\t<\/div>\n\t\t\t\t<\/div>\n\t\t\t\t<div class=\"elementor-element elementor-element-de59d4c elementor-align-center elementor-widget elementor-widget-button\" data-id=\"de59d4c\" data-element_type=\"widget\" data-widget_type=\"button.default\">\n\t\t\t\t<div class=\"elementor-widget-container\">\n\t\t\t\t\t\t\t\t\t<div class=\"elementor-button-wrapper\">\n\t\t\t\t\t<a class=\"elementor-button elementor-button-link elementor-size-sm\" href=\"\/wp-content\/uploads\/2024\/05\/Convocatoria_Innovaforum2024.pdf\" target=\"_blank\">\n\t\t\t\t\t\t<span class=\"elementor-button-content-wrapper\">\n\t\t\t\t\t\t<span class=\"elementor-button-icon\">\n\t\t\t\t<svg aria-hidden=\"true\" class=\"e-font-icon-svg e-fas-cloud-download-alt\" viewBox=\"0 0 640 512\" xmlns=\"http:\/\/www.w3.org\/2000\/svg\"><path d=\"M537.6 226.6c4.1-10.7 6.4-22.4 6.4-34.6 0-53-43-96-96-96-19.7 0-38.1 6-53.3 16.2C367 64.2 315.3 32 256 32c-88.4 0-160 71.6-160 160 0 2.7.1 5.4.2 8.1C40.2 219.8 0 273.2 0 336c0 79.5 64.5 144 144 144h368c70.7 0 128-57.3 128-128 0-61.9-44-113.6-102.4-125.4zm-132.9 88.7L299.3 420.7c-6.2 6.2-16.4 6.2-22.6 0L171.3 315.3c-10.1-10.1-2.9-27.3 11.3-27.3H248V176c0-8.8 7.2-16 16-16h48c8.8 0 16 7.2 16 16v112h65.4c14.2 0 21.4 17.2 11.3 27.3z\"><\/path><\/svg>\t\t\t<\/span>\n\t\t\t\t\t\t\t\t\t<span class=\"elementor-button-text\">DESCARGAR CONVOCATORIA<\/span>\n\t\t\t\t\t<\/span>\n\t\t\t\t\t<\/a>\n\t\t\t\t<\/div>\n\t\t\t\t\t\t\t\t<\/div>\n\t\t\t\t<\/div>\n\t\t\t\t<div class=\"elementor-element elementor-element-ba83f26 elementor-align-center elementor-widget elementor-widget-button\" data-id=\"ba83f26\" data-element_type=\"widget\" data-widget_type=\"button.default\">\n\t\t\t\t<div class=\"elementor-widget-container\">\n\t\t\t\t\t\t\t\t\t<div class=\"elementor-button-wrapper\">\n\t\t\t\t\t<a class=\"elementor-button elementor-button-link elementor-size-sm\" href=\"\/ponencias2024\/index.php\/Contribuciones\/about\/submissions\" target=\"_blank\">\n\t\t\t\t\t\t<span class=\"elementor-button-content-wrapper\">\n\t\t\t\t\t\t<span class=\"elementor-button-icon\">\n\t\t\t\t<svg aria-hidden=\"true\" class=\"e-font-icon-svg e-fas-link\" viewBox=\"0 0 512 512\" xmlns=\"http:\/\/www.w3.org\/2000\/svg\"><path d=\"M326.612 185.391c59.747 59.809 58.927 155.698.36 214.59-.11.12-.24.25-.36.37l-67.2 67.2c-59.27 59.27-155.699 59.262-214.96 0-59.27-59.26-59.27-155.7 0-214.96l37.106-37.106c9.84-9.84 26.786-3.3 27.294 10.606.648 17.722 3.826 35.527 9.69 52.721 1.986 5.822.567 12.262-3.783 16.612l-13.087 13.087c-28.026 28.026-28.905 73.66-1.155 101.96 28.024 28.579 74.086 28.749 102.325.51l67.2-67.19c28.191-28.191 28.073-73.757 0-101.83-3.701-3.694-7.429-6.564-10.341-8.569a16.037 16.037 0 0 1-6.947-12.606c-.396-10.567 3.348-21.456 11.698-29.806l21.054-21.055c5.521-5.521 14.182-6.199 20.584-1.731a152.482 152.482 0 0 1 20.522 17.197zM467.547 44.449c-59.261-59.262-155.69-59.27-214.96 0l-67.2 67.2c-.12.12-.25.25-.36.37-58.566 58.892-59.387 154.781.36 214.59a152.454 152.454 0 0 0 20.521 17.196c6.402 4.468 15.064 3.789 20.584-1.731l21.054-21.055c8.35-8.35 12.094-19.239 11.698-29.806a16.037 16.037 0 0 0-6.947-12.606c-2.912-2.005-6.64-4.875-10.341-8.569-28.073-28.073-28.191-73.639 0-101.83l67.2-67.19c28.239-28.239 74.3-28.069 102.325.51 27.75 28.3 26.872 73.934-1.155 101.96l-13.087 13.087c-4.35 4.35-5.769 10.79-3.783 16.612 5.864 17.194 9.042 34.999 9.69 52.721.509 13.906 17.454 20.446 27.294 10.606l37.106-37.106c59.271-59.259 59.271-155.699.001-214.959z\"><\/path><\/svg>\t\t\t<\/span>\n\t\t\t\t\t\t\t\t\t<span class=\"elementor-button-text\">CRITERIOS PARA PONENCIAS<\/span>\n\t\t\t\t\t<\/span>\n\t\t\t\t\t<\/a>\n\t\t\t\t<\/div>\n\t\t\t\t\t\t\t\t<\/div>\n\t\t\t\t<\/div>\n\t\t\t\t<div class=\"elementor-element elementor-element-e0dd37f elementor-align-center elementor-widget elementor-widget-button\" data-id=\"e0dd37f\" data-element_type=\"widget\" data-widget_type=\"button.default\">\n\t\t\t\t<div class=\"elementor-widget-container\">\n\t\t\t\t\t\t\t\t\t<div class=\"elementor-button-wrapper\">\n\t\t\t\t\t<a class=\"elementor-button elementor-button-link elementor-size-sm\" href=\"https:\/\/innovaforum.udg.mx\/edicion_2024\/dictamenes\/\" target=\"_blank\">\n\t\t\t\t\t\t<span class=\"elementor-button-content-wrapper\">\n\t\t\t\t\t\t<span class=\"elementor-button-icon\">\n\t\t\t\t<svg aria-hidden=\"true\" class=\"e-font-icon-svg e-fas-qrcode\" viewBox=\"0 0 448 512\" xmlns=\"http:\/\/www.w3.org\/2000\/svg\"><path d=\"M0 224h192V32H0v192zM64 96h64v64H64V96zm192-64v192h192V32H256zm128 128h-64V96h64v64zM0 480h192V288H0v192zm64-128h64v64H64v-64zm352-64h32v128h-96v-32h-32v96h-64V288h96v32h64v-32zm0 160h32v32h-32v-32zm-64 0h32v32h-32v-32z\"><\/path><\/svg>\t\t\t<\/span>\n\t\t\t\t\t\t\t\t\t<span class=\"elementor-button-text\">CONSULTA EL DICTAMEN<\/span>\n\t\t\t\t\t<\/span>\n\t\t\t\t\t<\/a>\n\t\t\t\t<\/div>\n\t\t\t\t\t\t\t\t<\/div>\n\t\t\t\t<\/div>\n\t\t\t\t\t<\/div>\n\t\t\t\t<\/div>\n\t\t<div class=\"elementor-element elementor-element-a7a060d e-con-full e-flex e-con e-parent\" data-id=\"a7a060d\" data-element_type=\"container\" data-settings=\"{&quot;background_background&quot;:&quot;classic&quot;}\">\n\t\t\t\t<div class=\"elementor-element elementor-element-b61e9bc elementor-widget elementor-widget-image\" data-id=\"b61e9bc\" data-element_type=\"widget\" data-widget_type=\"image.default\">\n\t\t\t\t<div class=\"elementor-widget-container\">\n\t\t\t\t\t\t\t\t\t\t\t\t\t\t\t<img decoding=\"async\" width=\"2560\" height=\"1917\" src=\"https:\/\/innovaforum.udg.mx\/edicion_2024\/wp-content\/uploads\/2024\/06\/footer2-scaled.jpg\" class=\"attachment-full size-full wp-image-805\" alt=\"\" srcset=\"https:\/\/innovaforum.udg.mx\/edicion_2024\/wp-content\/uploads\/2024\/06\/footer2-scaled.jpg 2560w, https:\/\/innovaforum.udg.mx\/edicion_2024\/wp-content\/uploads\/2024\/06\/footer2-300x225.jpg 300w, https:\/\/innovaforum.udg.mx\/edicion_2024\/wp-content\/uploads\/2024\/06\/footer2-1024x767.jpg 1024w, https:\/\/innovaforum.udg.mx\/edicion_2024\/wp-content\/uploads\/2024\/06\/footer2-768x575.jpg 768w, https:\/\/innovaforum.udg.mx\/edicion_2024\/wp-content\/uploads\/2024\/06\/footer2-1536x1150.jpg 1536w, https:\/\/innovaforum.udg.mx\/edicion_2024\/wp-content\/uploads\/2024\/06\/footer2-2048x1534.jpg 2048w\" sizes=\"(max-width: 2560px) 100vw, 2560px\" \/>\t\t\t\t\t\t\t\t\t\t\t\t\t\t\t<\/div>\n\t\t\t\t<\/div>\n\t\t\t\t<\/div>\n\t\t\t\t<\/div>\n\t\t","protected":false},"excerpt":{"rendered":"<p>CONVOCATORIA PARA PRESENTAR CONTRIBUCIONES La Universidad de Guadalajara, a trav\u00e9s del Sistema de Universidad Virtual y en colaboraci\u00f3n con diversas instancias de la Administraci\u00f3n General, se complace en invitar a personas investigadoras, profesorado, estudiantes de la Red Universitaria y p\u00fablico en general, a presentar sus contribuciones en las diversas modalidades y a participar en las [&hellip;]<\/p>\n","protected":false},"author":3,"featured_media":0,"parent":0,"menu_order":0,"comment_status":"closed","ping_status":"closed","template":"elementor_canvas","meta":{"_acf_changed":false,"footnotes":""},"class_list":["post-1853","page","type-page","status-publish","hentry"],"acf":[],"_links":{"self":[{"href":"https:\/\/innovaforum.udg.mx\/edicion_2024\/wp-json\/wp\/v2\/pages\/1853","targetHints":{"allow":["GET"]}}],"collection":[{"href":"https:\/\/innovaforum.udg.mx\/edicion_2024\/wp-json\/wp\/v2\/pages"}],"about":[{"href":"https:\/\/innovaforum.udg.mx\/edicion_2024\/wp-json\/wp\/v2\/types\/page"}],"author":[{"embeddable":true,"href":"https:\/\/innovaforum.udg.mx\/edicion_2024\/wp-json\/wp\/v2\/users\/3"}],"replies":[{"embeddable":true,"href":"https:\/\/innovaforum.udg.mx\/edicion_2024\/wp-json\/wp\/v2\/comments?post=1853"}],"version-history":[{"count":4,"href":"https:\/\/innovaforum.udg.mx\/edicion_2024\/wp-json\/wp\/v2\/pages\/1853\/revisions"}],"predecessor-version":[{"id":1934,"href":"https:\/\/innovaforum.udg.mx\/edicion_2024\/wp-json\/wp\/v2\/pages\/1853\/revisions\/1934"}],"wp:attachment":[{"href":"https:\/\/innovaforum.udg.mx\/edicion_2024\/wp-json\/wp\/v2\/media?parent=1853"}],"curies":[{"name":"wp","href":"https:\/\/api.w.org\/{rel}","templated":true}]}}